{"id":39,"date":"2025-11-16T13:24:23","date_gmt":"2025-11-16T12:24:23","guid":{"rendered":"https:\/\/dynamiczne.eu\/?page_id=39"},"modified":"2025-11-16T13:24:40","modified_gmt":"2025-11-16T12:24:40","slug":"blog","status":"publish","type":"page","link":"https:\/\/dynamiczne.eu\/?page_id=39","title":{"rendered":"Blog"},"content":{"rendered":"\t\t<div data-elementor-type=\"wp-page\" data-elementor-id=\"39\" class=\"elementor elementor-39\">\n\t\t\t\t<div class=\"elementor-element elementor-element-3622d60a e-flex e-con-boxed e-con e-parent\" data-id=\"3622d60a\" data-element_type=\"container\" data-e-type=\"container\" data-settings=\"{&quot;background_background&quot;:&quot;classic&quot;}\">\n\t\t\t\t\t<div class=\"e-con-inner\">\n\t\t<div class=\"elementor-element elementor-element-1e0bdf87 e-con-full e-flex e-con e-child\" data-id=\"1e0bdf87\" data-element_type=\"container\" data-e-type=\"container\">\n\t\t\t\t<div class=\"elementor-element elementor-element-59e5aac6 elementor-widget elementor-widget-heading\" data-id=\"59e5aac6\" data-element_type=\"widget\" data-e-type=\"widget\" data-widget_type=\"heading.default\">\n\t\t\t\t\t<h2 class=\"elementor-heading-title elementor-size-default\">Odkryj dynamiczne taryfy energii<\/h2>\t\t\t\t<\/div>\n\t\t\t\t<div class=\"elementor-element elementor-element-607bf1ee elementor-widget elementor-widget-text-editor\" data-id=\"607bf1ee\" data-element_type=\"widget\" data-e-type=\"widget\" data-widget_type=\"text-editor.default\">\n\t\t\t\t\t\t\t\t\t<p>Pomagamy zrozumie\u0107, jak oszcz\u0119dza\u0107 na energii dzi\u0119ki taryfom dynamicznym.<\/p>\t\t\t\t\t\t\t\t<\/div>\n\t\t\t\t<\/div>\n\t\t\t\t\t<\/div>\n\t\t\t\t<\/div>\n\t\t<div class=\"elementor-element elementor-element-931b4b1 e-flex e-con-boxed e-con e-parent\" data-id=\"931b4b1\" data-element_type=\"container\" data-e-type=\"container\">\n\t\t\t\t\t<div class=\"e-con-inner\">\n\t\t<div class=\"elementor-element elementor-element-3d7fbbe4 e-con-full e-flex e-con e-child\" data-id=\"3d7fbbe4\" data-element_type=\"container\" data-e-type=\"container\">\n\t\t<div class=\"elementor-element elementor-element-23829b41 e-con-full e-flex e-con e-child\" data-id=\"23829b41\" data-element_type=\"container\" data-e-type=\"container\">\n\t\t\t\t<div class=\"elementor-element elementor-element-3f0b989e elementor-widget elementor-widget-heading\" data-id=\"3f0b989e\" data-element_type=\"widget\" data-e-type=\"widget\" data-widget_type=\"heading.default\">\n\t\t\t\t\t<h2 class=\"elementor-heading-title elementor-size-default\">Najciekawsze artyku\u0142y<\/h2>\t\t\t\t<\/div>\n\t\t\t\t<div class=\"elementor-element elementor-element-153734d7 elementor-widget elementor-widget-heading\" data-id=\"153734d7\" data-element_type=\"widget\" data-e-type=\"widget\" data-widget_type=\"heading.default\">\n\t\t\t\t\t<h5 class=\"elementor-heading-title elementor-size-default\">Odkryj praktyczne wskaz\u00f3wki oraz trenduj\u0105ce tematy na rynku energii.<\/h5>\t\t\t\t<\/div>\n\t\t\t\t<\/div>\n\t\t<div class=\"elementor-element elementor-element-fc28322 e-con-full e-flex e-con e-child\" data-id=\"fc28322\" data-element_type=\"container\" data-e-type=\"container\">\n\t\t\t\t<div class=\"elementor-element elementor-element-669ee571 elementor-widget__width-auto elementor-align-right elementor-widget elementor-widget-button\" data-id=\"669ee571\" data-element_type=\"widget\" data-e-type=\"widget\" data-widget_type=\"button.default\">\n\t\t\t\t\t\t\t\t\t\t<a class=\"elementor-button elementor-button-link elementor-size-sm\" href=\"#\">\n\t\t\t\t\t\t<span class=\"elementor-button-content-wrapper\">\n\t\t\t\t\t\t\t\t\t<span class=\"elementor-button-text\">Zobacz wszystkie<\/span>\n\t\t\t\t\t<\/span>\n\t\t\t\t\t<\/a>\n\t\t\t\t\t\t\t\t<\/div>\n\t\t\t\t<\/div>\n\t\t\t\t<\/div>\n\t\t\t\t<div class=\"elementor-element elementor-element-73d647a5 elementor-widget elementor-widget-posts\" data-id=\"73d647a5\" data-element_type=\"widget\" data-e-type=\"widget\" data-widget_type=\"posts.default\">\n\t\t\t\t<div class=\"elementor-widget-container\">\n\t\t\t\t\t \t\t\t\t<\/div>\n\t\t\t\t<\/div>\n\t\t\t\t\t<\/div>\n\t\t\t\t<\/div>\n\t\t<div class=\"elementor-element elementor-element-1036ea3b e-flex e-con-boxed e-con e-parent\" data-id=\"1036ea3b\" data-element_type=\"container\" data-e-type=\"container\">\n\t\t\t\t\t<div class=\"e-con-inner\">\n\t\t<div class=\"elementor-element elementor-element-3d93feba e-con-full e-flex e-con e-child\" data-id=\"3d93feba\" data-element_type=\"container\" data-e-type=\"container\">\n\t\t\t\t<div class=\"elementor-element elementor-element-37bed9 elementor-widget elementor-widget-heading\" data-id=\"37bed9\" data-element_type=\"widget\" data-e-type=\"widget\" data-widget_type=\"heading.default\">\n\t\t\t\t\t<h2 class=\"elementor-heading-title elementor-size-default\">Sprawd\u017a nasze wpisy<\/h2>\t\t\t\t<\/div>\n\t\t\t\t<div class=\"elementor-element elementor-element-4d95018f elementor-widget elementor-widget-heading\" data-id=\"4d95018f\" data-element_type=\"widget\" data-e-type=\"widget\" data-widget_type=\"heading.default\">\n\t\t\t\t\t<h2 class=\"elementor-heading-title elementor-size-default\">Naj\u015bwie\u017csze artyku\u0142y o taryfach energii<\/h2>\t\t\t\t<\/div>\n\t\t\t\t<\/div>\n\t\t\t\t<div class=\"elementor-element elementor-element-17a67de6 elementor-widget elementor-widget-posts\" data-id=\"17a67de6\" data-element_type=\"widget\" data-e-type=\"widget\" data-widget_type=\"posts.default\">\n\t\t\t\t<div class=\"elementor-widget-container\">\n\t\t\t\t\t \t\t\t\t<\/div>\n\t\t\t\t<\/div>\n\t\t\t\t<div class=\"elementor-element elementor-element-6d8941f elementor-widget__width-auto elementor-align-right elementor-widget elementor-widget-button\" data-id=\"6d8941f\" data-element_type=\"widget\" data-e-type=\"widget\" data-widget_type=\"button.default\">\n\t\t\t\t\t\t\t\t\t\t<a class=\"elementor-button elementor-button-link elementor-size-sm\" href=\"#\">\n\t\t\t\t\t\t<span class=\"elementor-button-content-wrapper\">\n\t\t\t\t\t\t\t\t\t<span class=\"elementor-button-text\">Zobacz wszystkie<\/span>\n\t\t\t\t\t<\/span>\n\t\t\t\t\t<\/a>\n\t\t\t\t\t\t\t\t<\/div>\n\t\t\t\t\t<\/div>\n\t\t\t\t<\/div>\n\t\t<div class=\"elementor-element elementor-element-71a057fe e-flex e-con-boxed e-con e-parent\" data-id=\"71a057fe\" data-element_type=\"container\" data-e-type=\"container\" data-settings=\"{&quot;background_background&quot;:&quot;classic&quot;}\">\n\t\t\t\t\t<div class=\"e-con-inner\">\n\t\t<div class=\"elementor-element elementor-element-132b6397 e-flex e-con-boxed e-con e-child\" data-id=\"132b6397\" data-element_type=\"container\" data-e-type=\"container\" data-settings=\"{&quot;background_background&quot;:&quot;classic&quot;}\">\n\t\t\t\t\t<div class=\"e-con-inner\">\n\t\t\t\t<div class=\"elementor-element elementor-element-4343807 elementor-widget elementor-widget-heading\" data-id=\"4343807\" data-element_type=\"widget\" data-e-type=\"widget\" data-widget_type=\"heading.default\">\n\t\t\t\t\t<h2 class=\"elementor-heading-title elementor-size-default\">Zapisz si\u0119 do naszego newslettera!<\/h2>\t\t\t\t<\/div>\n\t\t\t\t<div class=\"elementor-element elementor-element-3b95889b elementor-widget elementor-widget-text-editor\" data-id=\"3b95889b\" data-element_type=\"widget\" data-e-type=\"widget\" data-widget_type=\"text-editor.default\">\n\t\t\t\t\t\t\t\t\t<p>Chcesz by\u0107 na bie\u017c\u0105co z nowinkami w taryfach dynamicznych? Zapisz si\u0119 na nasz newsletter, aby otrzymywa\u0107 praktyczne porady i informacje o najnowszych ofertach.<\/p>\t\t\t\t\t\t\t\t<\/div>\n\t\t\t\t<div class=\"elementor-element elementor-element-45fec323 elementor-widget elementor-widget-form\" data-id=\"45fec323\" data-element_type=\"widget\" data-e-type=\"widget\" data-widget_type=\"form.default\">\n\t\t\t\t<div class=\"elementor-widget-container\">\n\t\t\t\t\t \t\t\t\t<\/div>\n\t\t\t\t<\/div>\n\t\t\t\t<div class=\"elementor-element elementor-element-4bc24324 elementor-widget elementor-widget-text-editor\" data-id=\"4bc24324\" data-element_type=\"widget\" data-e-type=\"widget\" data-widget_type=\"text-editor.default\">\n\t\t\t\t\t\t\t\t\t<p>Klikaj\u0105c &#8220;Zapisz si\u0119&#8221;, potwierdzasz, \u017ce zgadzasz si\u0119 na nasze Warunki U\u017cytkowania.<\/p>\t\t\t\t\t\t\t\t<\/div>\n\t\t\t\t\t<\/div>\n\t\t\t\t<\/div>\n\t\t\t\t\t<\/div>\n\t\t\t\t<\/div>\n\t\t\t\t<\/div>\n\t\t","protected":false},"excerpt":{"rendered":"<p>Odkryj dynamiczne taryfy energii Pomagamy zrozumie\u0107, jak oszcz\u0119dza\u0107 na energii dzi\u0119ki taryfom dynamicznym. Najciekawsze artyku\u0142y Odkryj praktyczne wskaz\u00f3wki oraz trenduj\u0105ce tematy na rynku energii. Zobacz wszystkie Sprawd\u017a nasze wpisy Naj\u015bwie\u017csze artyku\u0142y o taryfach energii Zobacz wszystkie Zapisz si\u0119 do naszego newslettera! Chcesz by\u0107 na bie\u017c\u0105co z nowinkami w taryfach dynamicznych? Zapisz si\u0119 na nasz newsletter, [&hellip;]<\/p>\n","protected":false},"author":1,"featured_media":0,"parent":0,"menu_order":0,"comment_status":"closed","ping_status":"closed","template":"","meta":{"footnotes":""},"class_list":["post-39","page","type-page","status-publish","hentry"],"yoast_head":"<!-- This site is optimized with the Yoast SEO plugin v26.6 - https:\/\/yoast.com\/wordpress\/plugins\/seo\/ -->\n<title>Blog -<\/title>\n<meta name=\"robots\" content=\"index, follow, max-snippet:-1, max-image-preview:large, max-video-preview:-1\" \/>\n<link rel=\"canonical\" href=\"https:\/\/dynamiczne.eu\/?page_id=39\" \/>\n<meta property=\"og:locale\" content=\"en_US\" \/>\n<meta property=\"og:type\" content=\"article\" \/>\n<meta property=\"og:title\" content=\"Blog -\" \/>\n<meta property=\"og:description\" content=\"Odkryj dynamiczne taryfy energii Pomagamy zrozumie\u0107, jak oszcz\u0119dza\u0107 na energii dzi\u0119ki taryfom dynamicznym. Najciekawsze artyku\u0142y Odkryj praktyczne wskaz\u00f3wki oraz trenduj\u0105ce tematy na rynku energii. Zobacz wszystkie Sprawd\u017a nasze wpisy Naj\u015bwie\u017csze artyku\u0142y o taryfach energii Zobacz wszystkie Zapisz si\u0119 do naszego newslettera! Chcesz by\u0107 na bie\u017c\u0105co z nowinkami w taryfach dynamicznych? Zapisz si\u0119 na nasz newsletter, [&hellip;]\" \/>\n<meta property=\"og:url\" content=\"https:\/\/dynamiczne.eu\/?page_id=39\" \/>\n<meta property=\"article:modified_time\" content=\"2025-11-16T12:24:40+00:00\" \/>\n<script type=\"application\/ld+json\" class=\"yoast-schema-graph\">{\"@context\":\"https:\/\/schema.org\",\"@graph\":[{\"@type\":\"WebPage\",\"@id\":\"https:\/\/dynamiczne.eu\/?page_id=39\",\"url\":\"https:\/\/dynamiczne.eu\/?page_id=39\",\"name\":\"Blog -\",\"isPartOf\":{\"@id\":\"https:\/\/dynamiczne.eu\/#website\"},\"datePublished\":\"2025-11-16T12:24:23+00:00\",\"dateModified\":\"2025-11-16T12:24:40+00:00\",\"breadcrumb\":{\"@id\":\"https:\/\/dynamiczne.eu\/?page_id=39#breadcrumb\"},\"inLanguage\":\"en-US\",\"potentialAction\":[{\"@type\":\"ReadAction\",\"target\":[\"https:\/\/dynamiczne.eu\/?page_id=39\"]}]},{\"@type\":\"BreadcrumbList\",\"@id\":\"https:\/\/dynamiczne.eu\/?page_id=39#breadcrumb\",\"itemListElement\":[{\"@type\":\"ListItem\",\"position\":1,\"name\":\"Home\",\"item\":\"https:\/\/dynamiczne.eu\/\"},{\"@type\":\"ListItem\",\"position\":2,\"name\":\"Blog\"}]},{\"@type\":\"WebSite\",\"@id\":\"https:\/\/dynamiczne.eu\/#website\",\"url\":\"https:\/\/dynamiczne.eu\/\",\"name\":\"\",\"description\":\"\",\"potentialAction\":[{\"@type\":\"SearchAction\",\"target\":{\"@type\":\"EntryPoint\",\"urlTemplate\":\"https:\/\/dynamiczne.eu\/?s={search_term_string}\"},\"query-input\":{\"@type\":\"PropertyValueSpecification\",\"valueRequired\":true,\"valueName\":\"search_term_string\"}}],\"inLanguage\":\"en-US\"}]}<\/script>\n<!-- \/ Yoast SEO plugin. -->","yoast_head_json":{"title":"Blog -","robots":{"index":"index","follow":"follow","max-snippet":"max-snippet:-1","max-image-preview":"max-image-preview:large","max-video-preview":"max-video-preview:-1"},"canonical":"https:\/\/dynamiczne.eu\/?page_id=39","og_locale":"en_US","og_type":"article","og_title":"Blog -","og_description":"Odkryj dynamiczne taryfy energii Pomagamy zrozumie\u0107, jak oszcz\u0119dza\u0107 na energii dzi\u0119ki taryfom dynamicznym. Najciekawsze artyku\u0142y Odkryj praktyczne wskaz\u00f3wki oraz trenduj\u0105ce tematy na rynku energii. Zobacz wszystkie Sprawd\u017a nasze wpisy Naj\u015bwie\u017csze artyku\u0142y o taryfach energii Zobacz wszystkie Zapisz si\u0119 do naszego newslettera! Chcesz by\u0107 na bie\u017c\u0105co z nowinkami w taryfach dynamicznych? Zapisz si\u0119 na nasz newsletter, [&hellip;]","og_url":"https:\/\/dynamiczne.eu\/?page_id=39","article_modified_time":"2025-11-16T12:24:40+00:00","schema":{"@context":"https:\/\/schema.org","@graph":[{"@type":"WebPage","@id":"https:\/\/dynamiczne.eu\/?page_id=39","url":"https:\/\/dynamiczne.eu\/?page_id=39","name":"Blog -","isPartOf":{"@id":"https:\/\/dynamiczne.eu\/#website"},"datePublished":"2025-11-16T12:24:23+00:00","dateModified":"2025-11-16T12:24:40+00:00","breadcrumb":{"@id":"https:\/\/dynamiczne.eu\/?page_id=39#breadcrumb"},"inLanguage":"en-US","potentialAction":[{"@type":"ReadAction","target":["https:\/\/dynamiczne.eu\/?page_id=39"]}]},{"@type":"BreadcrumbList","@id":"https:\/\/dynamiczne.eu\/?page_id=39#breadcrumb","itemListElement":[{"@type":"ListItem","position":1,"name":"Home","item":"https:\/\/dynamiczne.eu\/"},{"@type":"ListItem","position":2,"name":"Blog"}]},{"@type":"WebSite","@id":"https:\/\/dynamiczne.eu\/#website","url":"https:\/\/dynamiczne.eu\/","name":"","description":"","potentialAction":[{"@type":"SearchAction","target":{"@type":"EntryPoint","urlTemplate":"https:\/\/dynamiczne.eu\/?s={search_term_string}"},"query-input":{"@type":"PropertyValueSpecification","valueRequired":true,"valueName":"search_term_string"}}],"inLanguage":"en-US"}]}},"_links":{"self":[{"href":"https:\/\/dynamiczne.eu\/index.php?rest_route=\/wp\/v2\/pages\/39","targetHints":{"allow":["GET"]}}],"collection":[{"href":"https:\/\/dynamiczne.eu\/index.php?rest_route=\/wp\/v2\/pages"}],"about":[{"href":"https:\/\/dynamiczne.eu\/index.php?rest_route=\/wp\/v2\/types\/page"}],"author":[{"embeddable":true,"href":"https:\/\/dynamiczne.eu\/index.php?rest_route=\/wp\/v2\/users\/1"}],"replies":[{"embeddable":true,"href":"https:\/\/dynamiczne.eu\/index.php?rest_route=%2Fwp%2Fv2%2Fcomments&post=39"}],"version-history":[{"count":4,"href":"https:\/\/dynamiczne.eu\/index.php?rest_route=\/wp\/v2\/pages\/39\/revisions"}],"predecessor-version":[{"id":91,"href":"https:\/\/dynamiczne.eu\/index.php?rest_route=\/wp\/v2\/pages\/39\/revisions\/91"}],"wp:attachment":[{"href":"https:\/\/dynamiczne.eu\/index.php?rest_route=%2Fwp%2Fv2%2Fmedia&parent=39"}],"curies":[{"name":"wp","href":"https:\/\/api.w.org\/{rel}","templated":true}]}}