{"id":24,"date":"2025-11-16T13:24:20","date_gmt":"2025-11-16T12:24:20","guid":{"rendered":"https:\/\/dynamiczne.eu\/?page_id=24"},"modified":"2025-11-16T13:24:38","modified_gmt":"2025-11-16T12:24:38","slug":"korzysci-i-oszczednosci","status":"publish","type":"page","link":"https:\/\/dynamiczne.eu\/?page_id=24","title":{"rendered":"Korzy\u015bci i oszcz\u0119dno\u015bci"},"content":{"rendered":"\t\t<div data-elementor-type=\"wp-page\" data-elementor-id=\"24\" class=\"elementor elementor-24\">\n\t\t\t\t<div class=\"elementor-element elementor-element-42e0fd3c e-flex e-con-boxed e-con e-parent\" data-id=\"42e0fd3c\" data-element_type=\"container\" data-e-type=\"container\" data-settings=\"{&quot;background_background&quot;:&quot;classic&quot;}\">\n\t\t\t\t\t<div class=\"e-con-inner\">\n\t\t<div class=\"elementor-element elementor-element-76421839 e-con-full e-flex e-con e-child\" data-id=\"76421839\" data-element_type=\"container\" data-e-type=\"container\">\n\t\t\t\t<div class=\"elementor-element elementor-element-61b73318 elementor-widget elementor-widget-heading\" data-id=\"61b73318\" data-element_type=\"widget\" data-e-type=\"widget\" data-widget_type=\"heading.default\">\n\t\t\t\t\t<h2 class=\"elementor-heading-title elementor-size-default\">Zyskaj na dynamicznych taryfach<\/h2>\t\t\t\t<\/div>\n\t\t\t\t<div class=\"elementor-element elementor-element-2147d85d elementor-widget elementor-widget-text-editor\" data-id=\"2147d85d\" data-element_type=\"widget\" data-e-type=\"widget\" data-widget_type=\"text-editor.default\">\n\t\t\t\t\t\t\t\t\t<p>Odkryj, jak dynamiczne taryfy energii mog\u0105 przynie\u015b\u0107 Ci oszcz\u0119dno\u015bci. Sprawd\u017a realne ceny i zyskaj dost\u0119p do praktycznych przewodnik\u00f3w, kt\u00f3re pomog\u0105 Ci lepiej zarz\u0105dza\u0107 swoimi wydatkami na energi\u0119. To nie tylko nowoczesne rozwi\u0105zanie, ale i szansa na zmniejszenie rachunk\u00f3w za pr\u0105d.<\/p>\t\t\t\t\t\t\t\t<\/div>\n\t\t\t\t<\/div>\n\t\t\t\t\t<\/div>\n\t\t\t\t<\/div>\n\t\t<div class=\"elementor-element elementor-element-13e01f4a e-flex e-con-boxed e-con e-parent\" data-id=\"13e01f4a\" data-element_type=\"container\" data-e-type=\"container\" data-settings=\"{&quot;background_background&quot;:&quot;classic&quot;}\">\n\t\t\t\t\t<div class=\"e-con-inner\">\n\t\t\t\t<div class=\"elementor-element elementor-element-bb3833a elementor-widget elementor-widget-heading\" data-id=\"bb3833a\" data-element_type=\"widget\" data-e-type=\"widget\" data-widget_type=\"heading.default\">\n\t\t\t\t\t<h2 class=\"elementor-heading-title elementor-size-default\">Korzy\u015bci<\/h2>\t\t\t\t<\/div>\n\t\t<div class=\"elementor-element elementor-element-1e047ec5 e-con-full e-flex e-con e-child\" data-id=\"1e047ec5\" data-element_type=\"container\" data-e-type=\"container\">\n\t\t\t\t<div class=\"elementor-element elementor-element-b00f1f9 elementor-widget-tablet__width-initial elementor-widget-mobile__width-inherit elementor-widget__width-initial elementor-widget elementor-widget-icon-box\" data-id=\"b00f1f9\" data-element_type=\"widget\" data-e-type=\"widget\" data-widget_type=\"icon-box.default\">\n\t\t\t\t\t\t\t<div class=\"elementor-icon-box-wrapper\">\n\n\t\t\t\n\t\t\t\t\t\t<div class=\"elementor-icon-box-content\">\n\n\t\t\t\t\t\t\t\t\t<h3 class=\"elementor-icon-box-title\">\n\t\t\t\t\t\t<span  >\n\t\t\t\t\t\t\tOszcz\u0119dno\u015bci\t\t\t\t\t\t<\/span>\n\t\t\t\t\t<\/h3>\n\t\t\t\t\n\t\t\t\t\t\t\t\t\t<p class=\"elementor-icon-box-description\">\n\t\t\t\t\t\tZmienno\u015b\u0107 taryf pozwala na dostosowanie koszt\u00f3w energii do potrzeb Twojego gospodarstwa domowego. Dzi\u0119ki temu mo\u017cesz zaoszcz\u0119dzi\u0107 na rachunkach i wydawa\u0107 mniej na energi\u0119.\t\t\t\t\t<\/p>\n\t\t\t\t\n\t\t\t<\/div>\n\t\t\t\n\t\t<\/div>\n\t\t\t\t\t\t<\/div>\n\t\t\t\t<div class=\"elementor-element elementor-element-62dac846 elementor-widget-tablet__width-initial elementor-widget-mobile__width-inherit elementor-widget__width-initial elementor-widget elementor-widget-icon-box\" data-id=\"62dac846\" data-element_type=\"widget\" data-e-type=\"widget\" data-widget_type=\"icon-box.default\">\n\t\t\t\t\t\t\t<div class=\"elementor-icon-box-wrapper\">\n\n\t\t\t\n\t\t\t\t\t\t<div class=\"elementor-icon-box-content\">\n\n\t\t\t\t\t\t\t\t\t<h3 class=\"elementor-icon-box-title\">\n\t\t\t\t\t\t<span  >\n\t\t\t\t\t\t\tPrzejrzysto\u015b\u0107\t\t\t\t\t\t<\/span>\n\t\t\t\t\t<\/h3>\n\t\t\t\t\n\t\t\t\t\t\t\t\t\t<p class=\"elementor-icon-box-description\">\n\t\t\t\t\t\tDynamiczne taryfy energii daj\u0105 Ci pe\u0142n\u0105 jasno\u015b\u0107 co do cen. W ka\u017cdej chwili wiesz, ile zap\u0142acisz i jak to wp\u0142ywa na Tw\u00f3j bud\u017cet. Unikniesz nieprzyjemnych niespodzianek.\t\t\t\t\t<\/p>\n\t\t\t\t\n\t\t\t<\/div>\n\t\t\t\n\t\t<\/div>\n\t\t\t\t\t\t<\/div>\n\t\t\t\t<div class=\"elementor-element elementor-element-261dd7e5 elementor-widget-tablet__width-initial elementor-widget-mobile__width-inherit elementor-widget__width-initial elementor-widget elementor-widget-icon-box\" data-id=\"261dd7e5\" data-element_type=\"widget\" data-e-type=\"widget\" data-widget_type=\"icon-box.default\">\n\t\t\t\t\t\t\t<div class=\"elementor-icon-box-wrapper\">\n\n\t\t\t\n\t\t\t\t\t\t<div class=\"elementor-icon-box-content\">\n\n\t\t\t\t\t\t\t\t\t<h3 class=\"elementor-icon-box-title\">\n\t\t\t\t\t\t<span  >\n\t\t\t\t\t\t\tElastyczno\u015b\u0107\t\t\t\t\t\t<\/span>\n\t\t\t\t\t<\/h3>\n\t\t\t\t\n\t\t\t\t\t\t\t\t\t<p class=\"elementor-icon-box-description\">\n\t\t\t\t\t\tDzi\u0119ki elastycznym taryfom mo\u017cesz dopasowa\u0107 zu\u017cycie energii do cen obowi\u0105zuj\u0105cych w danym momencie. Skorzystaj z ta\u0144szych godzin i zmaksymalizuj oszcz\u0119dno\u015bci.\t\t\t\t\t<\/p>\n\t\t\t\t\n\t\t\t<\/div>\n\t\t\t\n\t\t<\/div>\n\t\t\t\t\t\t<\/div>\n\t\t\t\t<\/div>\n\t\t\t\t\t<\/div>\n\t\t\t\t<\/div>\n\t\t<div class=\"elementor-element elementor-element-55586d52 e-flex e-con-boxed e-con e-parent\" data-id=\"55586d52\" data-element_type=\"container\" data-e-type=\"container\">\n\t\t\t\t\t<div class=\"e-con-inner\">\n\t\t<div class=\"elementor-element elementor-element-6e122ae3 e-con-full e-flex e-con e-child\" data-id=\"6e122ae3\" data-element_type=\"container\" data-e-type=\"container\" data-settings=\"{&quot;background_background&quot;:&quot;classic&quot;}\">\n\t\t\t\t<div class=\"elementor-element elementor-element-7e61b77c elementor-absolute elementor-widget-divider--view-line elementor-widget elementor-widget-divider\" data-id=\"7e61b77c\" data-element_type=\"widget\" data-e-type=\"widget\" data-settings=\"{&quot;_position&quot;:&quot;absolute&quot;}\" data-widget_type=\"divider.default\">\n\t\t\t\t\t\t\t<div class=\"elementor-divider\">\n\t\t\t<span class=\"elementor-divider-separator\">\n\t\t\t\t\t\t<\/span>\n\t\t<\/div>\n\t\t\t\t\t\t<\/div>\n\t\t\t\t<div class=\"elementor-element elementor-element-793c6438 elementor-absolute elementor-widget-divider--view-line elementor-widget elementor-widget-divider\" data-id=\"793c6438\" data-element_type=\"widget\" data-e-type=\"widget\" data-settings=\"{&quot;_position&quot;:&quot;absolute&quot;}\" data-widget_type=\"divider.default\">\n\t\t\t\t\t\t\t<div class=\"elementor-divider\">\n\t\t\t<span class=\"elementor-divider-separator\">\n\t\t\t\t\t\t<\/span>\n\t\t<\/div>\n\t\t\t\t\t\t<\/div>\n\t\t\t\t<div class=\"elementor-element elementor-element-2e584a9 elementor-widget__width-auto elementor-widget-tablet__width-inherit elementor-widget elementor-widget-heading\" data-id=\"2e584a9\" data-element_type=\"widget\" data-e-type=\"widget\" data-widget_type=\"heading.default\">\n\t\t\t\t\t<h2 class=\"elementor-heading-title elementor-size-default\">Czas na zmiany w Twoim rachunku za energi\u0119!<\/h2>\t\t\t\t<\/div>\n\t\t\t\t<div class=\"elementor-element elementor-element-39de238c elementor-widget__width-inherit elementor-widget elementor-widget-text-editor\" data-id=\"39de238c\" data-element_type=\"widget\" data-e-type=\"widget\" data-widget_type=\"text-editor.default\">\n\t\t\t\t\t\t\t\t\t<p>Przesta\u0144 przep\u0142aca\u0107 za energi\u0119! Zapisz si\u0119 na nasz newsletter, aby otrzymywa\u0107 aktualne informacje o taryfach dynamicznych, praktyczne porady i symulacje oszcz\u0119dno\u015bci. Jeste\u015bmy tu, aby pom\u00f3c Ci lepiej zarz\u0105dza\u0107 energi\u0105 i zaoszcz\u0119dzi\u0107 na rachunkach!<\/p>\t\t\t\t\t\t\t\t<\/div>\n\t\t<div class=\"elementor-element elementor-element-496b923 e-flex e-con-boxed e-con e-child\" data-id=\"496b923\" data-element_type=\"container\" data-e-type=\"container\">\n\t\t\t\t\t<div class=\"e-con-inner\">\n\t\t\t\t<div class=\"elementor-element elementor-element-b87fb0a elementor-widget__width-auto elementor-widget elementor-widget-button\" data-id=\"b87fb0a\" data-element_type=\"widget\" data-e-type=\"widget\" data-widget_type=\"button.default\">\n\t\t\t\t\t\t\t\t\t\t<a class=\"elementor-button elementor-button-link elementor-size-sm\" href=\"#\">\n\t\t\t\t\t\t<span class=\"elementor-button-content-wrapper\">\n\t\t\t\t\t\t\t\t\t<span class=\"elementor-button-text\">Zapisz si\u0119<\/span>\n\t\t\t\t\t<\/span>\n\t\t\t\t\t<\/a>\n\t\t\t\t\t\t\t\t<\/div>\n\t\t\t\t<div class=\"elementor-element elementor-element-6078dbc0 elementor-widget__width-auto elementor-widget elementor-widget-button\" data-id=\"6078dbc0\" data-element_type=\"widget\" data-e-type=\"widget\" data-widget_type=\"button.default\">\n\t\t\t\t\t\t\t\t\t\t<a class=\"elementor-button elementor-button-link elementor-size-sm\" href=\"#\">\n\t\t\t\t\t\t<span class=\"elementor-button-content-wrapper\">\n\t\t\t\t\t\t\t\t\t<span class=\"elementor-button-text\">Do\u0142\u0105cz teraz<\/span>\n\t\t\t\t\t<\/span>\n\t\t\t\t\t<\/a>\n\t\t\t\t\t\t\t\t<\/div>\n\t\t\t\t\t<\/div>\n\t\t\t\t<\/div>\n\t\t\t\t<\/div>\n\t\t\t\t\t<\/div>\n\t\t\t\t<\/div>\n\t\t<div class=\"elementor-element elementor-element-7fd1e1ef e-flex e-con-boxed e-con e-parent\" data-id=\"7fd1e1ef\" data-element_type=\"container\" data-e-type=\"container\" data-settings=\"{&quot;background_background&quot;:&quot;classic&quot;}\">\n\t\t\t\t\t<div class=\"e-con-inner\">\n\t\t<div class=\"elementor-element elementor-element-178581e4 e-con-full e-flex e-con e-child\" data-id=\"178581e4\" data-element_type=\"container\" data-e-type=\"container\">\n\t\t\t\t<div class=\"elementor-element elementor-element-35c2191e elementor-widget elementor-widget-heading\" data-id=\"35c2191e\" data-element_type=\"widget\" data-e-type=\"widget\" data-widget_type=\"heading.default\">\n\t\t\t\t\t<h5 class=\"elementor-heading-title elementor-size-default\">Opinie naszych klient\u00f3w<\/h5>\t\t\t\t<\/div>\n\t\t\t\t<div class=\"elementor-element elementor-element-714bbdf6 elementor-widget elementor-widget-heading\" data-id=\"714bbdf6\" data-element_type=\"widget\" data-e-type=\"widget\" data-widget_type=\"heading.default\">\n\t\t\t\t\t<h2 class=\"elementor-heading-title elementor-size-default\">Sprawd\u017a, co m\u00f3wi\u0105 nasi u\u017cytkownicy o dynamicznych taryfach<\/h2>\t\t\t\t<\/div>\n\t\t\t\t<\/div>\n\t\t<div class=\"elementor-element elementor-element-9d7e464 e-con-full e-flex e-con e-child\" data-id=\"9d7e464\" data-element_type=\"container\" data-e-type=\"container\">\n\t\t\t\t<div class=\"elementor-element elementor-element-4cb4f909 elementor--star-style-\u2b50\u2b50\u2b50\u2b50\u2b50 elementor-star-rating--align-center elementor-widget elementor-widget-star-rating\" data-id=\"4cb4f909\" data-element_type=\"widget\" data-e-type=\"widget\" data-widget_type=\"star-rating.default\">\n\t\t\t\t\t\t\t<div class=\"elementor-star-rating__wrapper\">\n\t\t\t\t\t\t<div class=\"elementor-star-rating\" itemtype=\"http:\/\/schema.org\/Rating\" itemscope=\"\" itemprop=\"reviewRating\">\n\t\t\t\t<i class=\"elementor-star-full\" aria-hidden=\"true\">&#xE934;<\/i><i class=\"elementor-star-full\" aria-hidden=\"true\">&#xE934;<\/i><i class=\"elementor-star-full\" aria-hidden=\"true\">&#xE934;<\/i><i class=\"elementor-star-full\" aria-hidden=\"true\">&#xE934;<\/i><i class=\"elementor-star-full\" aria-hidden=\"true\">&#xE934;<\/i>\t\t\t\t<span itemprop=\"ratingValue\" class=\"elementor-screen-only\">Rated 5 out of 5<\/span>\n\t\t\t<\/div>\n\t\t<\/div>\n\t\t\t\t\t\t<\/div>\n\t\t\t\t<div class=\"elementor-element elementor-element-7bf80b87 elementor-widget elementor-widget-testimonial\" data-id=\"7bf80b87\" data-element_type=\"widget\" data-e-type=\"widget\" data-widget_type=\"testimonial.default\">\n\t\t\t\t\t\t\t<div class=\"elementor-testimonial-wrapper\">\n\t\t\t\t\t\t\t<div class=\"elementor-testimonial-content\">Dynamiczne taryfy znacznie obni\u017cy\u0142y nasze rachunki za pr\u0105d. Dzi\u0119ki r\u00f3\u017cnym opcjom mo\u017cemy lepiej dopasowa\u0107 koszty do naszych potrzeb.<\/div>\n\t\t\t\n\t\t\t\t\t\t<div class=\"elementor-testimonial-meta\">\n\t\t\t\t<div class=\"elementor-testimonial-meta-inner\">\n\t\t\t\t\t\n\t\t\t\t\t\t\t\t\t\t<div class=\"elementor-testimonial-details\">\n\t\t\t\t\t\t\t\t\t\t\t\t\t\t<div class=\"elementor-testimonial-name\">Jan Kowalski<\/div>\n\t\t\t\t\t\t\t\t\t\t\t\t\t\t\t\t\t\t\t\t\t\t<div class=\"elementor-testimonial-job\">W\u0142a\u015bciciel firmy<\/div>\n\t\t\t\t\t\t\t\t\t\t\t\t\t<\/div>\n\t\t\t\t\t\t\t\t\t<\/div>\n\t\t\t<\/div>\n\t\t\t\t\t<\/div>\n\t\t\t\t\t\t<\/div>\n\t\t\t\t<\/div>\n\t\t\t\t\t<\/div>\n\t\t\t\t<\/div>\n\t\t<div class=\"elementor-element elementor-element-10b4bcf9 e-flex e-con-boxed e-con e-parent\" data-id=\"10b4bcf9\" data-element_type=\"container\" data-e-type=\"container\" data-settings=\"{&quot;background_background&quot;:&quot;classic&quot;}\">\n\t\t\t\t\t<div class=\"e-con-inner\">\n\t\t<div class=\"elementor-element elementor-element-2d3dfd77 e-con-full e-flex e-con e-child\" data-id=\"2d3dfd77\" data-element_type=\"container\" data-e-type=\"container\">\n\t\t\t\t<div class=\"elementor-element elementor-element-37d99698 elementor-widget elementor-widget-heading\" data-id=\"37d99698\" data-element_type=\"widget\" data-e-type=\"widget\" data-widget_type=\"heading.default\">\n\t\t\t\t\t<h5 class=\"elementor-heading-title elementor-size-default\">Oszcz\u0119dzaj m\u0105drze<\/h5>\t\t\t\t<\/div>\n\t\t\t\t<div class=\"elementor-element elementor-element-724503 elementor-widget elementor-widget-heading\" data-id=\"724503\" data-element_type=\"widget\" data-e-type=\"widget\" data-widget_type=\"heading.default\">\n\t\t\t\t\t<h2 class=\"elementor-heading-title elementor-size-default\">Nasze plany taryfowe<\/h2>\t\t\t\t<\/div>\n\t\t\t\t<div class=\"elementor-element elementor-element-4b118689 elementor-widget elementor-widget-heading\" data-id=\"4b118689\" data-element_type=\"widget\" data-e-type=\"widget\" data-widget_type=\"heading.default\">\n\t\t\t\t\t<h5 class=\"elementor-heading-title elementor-size-default\">Odkryj, jak dynamiczne taryfy mog\u0105 maksymalnie obni\u017cy\u0107 twoje rachunki za pr\u0105d.<\/h5>\t\t\t\t<\/div>\n\t\t<div class=\"elementor-element elementor-element-689f98ef e-flex e-con-boxed e-con e-child\" data-id=\"689f98ef\" data-element_type=\"container\" data-e-type=\"container\">\n\t\t\t\t\t<div class=\"e-con-inner\">\n\t\t<div class=\"elementor-element elementor-element-65771e52 e-con-full e-flex e-con e-child\" data-id=\"65771e52\" data-element_type=\"container\" data-e-type=\"container\">\n\t\t\t\t<div class=\"elementor-element elementor-element-244c52f1 elementor-widget__width-initial elementor-widget elementor-widget-price-table\" data-id=\"244c52f1\" data-element_type=\"widget\" data-e-type=\"widget\" data-widget_type=\"price-table.default\">\n\t\t\t\t<div class=\"elementor-widget-container\">\n\t\t\t\t\t \t\t\t\t<\/div>\n\t\t\t\t<\/div>\n\t\t\t\t<\/div>\n\t\t<div class=\"elementor-element elementor-element-27430336 e-con-full e-flex e-con e-child\" data-id=\"27430336\" data-element_type=\"container\" data-e-type=\"container\">\n\t\t\t\t<div class=\"elementor-element elementor-element-1401cff3 elementor-widget__width-initial elementor-widget elementor-widget-price-table\" data-id=\"1401cff3\" data-element_type=\"widget\" data-e-type=\"widget\" data-widget_type=\"price-table.default\">\n\t\t\t\t<div class=\"elementor-widget-container\">\n\t\t\t\t\t \t\t\t\t<\/div>\n\t\t\t\t<\/div>\n\t\t\t\t<\/div>\n\t\t\t\t\t<\/div>\n\t\t\t\t<\/div>\n\t\t\t\t<\/div>\n\t\t\t\t\t<\/div>\n\t\t\t\t<\/div>\n\t\t<div class=\"elementor-element elementor-element-5a994a62 e-flex e-con-boxed e-con e-parent\" data-id=\"5a994a62\" data-element_type=\"container\" data-e-type=\"container\" data-settings=\"{&quot;background_background&quot;:&quot;classic&quot;}\">\n\t\t\t\t\t<div class=\"e-con-inner\">\n\t\t<div class=\"elementor-element elementor-element-3148f833 e-flex e-con-boxed e-con e-child\" data-id=\"3148f833\" data-element_type=\"container\" data-e-type=\"container\" data-settings=\"{&quot;background_background&quot;:&quot;classic&quot;}\">\n\t\t\t\t\t<div class=\"e-con-inner\">\n\t\t<div class=\"elementor-element elementor-element-7d53382a e-con-full e-flex e-con e-child\" data-id=\"7d53382a\" data-element_type=\"container\" data-e-type=\"container\">\n\t\t\t\t<div class=\"elementor-element elementor-element-27714830 elementor-widget elementor-widget-heading\" data-id=\"27714830\" data-element_type=\"widget\" data-e-type=\"widget\" data-widget_type=\"heading.default\">\n\t\t\t\t\t<h2 class=\"elementor-heading-title elementor-size-default\">Zapisz si\u0119 na aktualizacje cen energii.<\/h2>\t\t\t\t<\/div>\n\t\t\t\t<div class=\"elementor-element elementor-element-5621077f elementor-widget elementor-widget-text-editor\" data-id=\"5621077f\" data-element_type=\"widget\" data-e-type=\"widget\" data-widget_type=\"text-editor.default\">\n\t\t\t\t\t\t\t\t\t<p>Chcesz by\u0107 na bie\u017c\u0105co z cenami energii? Zapisz si\u0119, a otrzymasz najnowsze informacje i porady, kt\u00f3re pomog\u0105 Ci oszcz\u0119dza\u0107. Twoje zaufanie to dla nas priorytet!<\/p>\t\t\t\t\t\t\t\t<\/div>\n\t\t\t\t<div class=\"elementor-element elementor-element-78b8972c elementor-widget elementor-widget-form\" data-id=\"78b8972c\" data-element_type=\"widget\" data-e-type=\"widget\" data-widget_type=\"form.default\">\n\t\t\t\t<div class=\"elementor-widget-container\">\n\t\t\t\t\t \t\t\t\t<\/div>\n\t\t\t\t<\/div>\n\t\t\t\t<div class=\"elementor-element elementor-element-451ce07a elementor-widget elementor-widget-text-editor\" data-id=\"451ce07a\" data-element_type=\"widget\" data-e-type=\"widget\" data-widget_type=\"text-editor.default\">\n\t\t\t\t\t\t\t\t\t<p>Klikaj\u0105c &#8216;Zapisz si\u0119&#8217;, potwierdzasz, \u017ce akceptujesz nasze Warunki korzystania.<\/p>\t\t\t\t\t\t\t\t<\/div>\n\t\t\t\t<\/div>\n\t\t\t\t\t<\/div>\n\t\t\t\t<\/div>\n\t\t\t\t\t<\/div>\n\t\t\t\t<\/div>\n\t\t\t\t<\/div>\n\t\t","protected":false},"excerpt":{"rendered":"<p>Zyskaj na dynamicznych taryfach Odkryj, jak dynamiczne taryfy energii mog\u0105 przynie\u015b\u0107 Ci oszcz\u0119dno\u015bci. Sprawd\u017a realne ceny i zyskaj dost\u0119p do praktycznych przewodnik\u00f3w, kt\u00f3re pomog\u0105 Ci lepiej zarz\u0105dza\u0107 swoimi wydatkami na energi\u0119. To nie tylko nowoczesne rozwi\u0105zanie, ale i szansa na zmniejszenie rachunk\u00f3w za pr\u0105d. Korzy\u015bci Oszcz\u0119dno\u015bci Zmienno\u015b\u0107 taryf pozwala na dostosowanie koszt\u00f3w energii do potrzeb [&hellip;]<\/p>\n","protected":false},"author":1,"featured_media":0,"parent":0,"menu_order":0,"comment_status":"closed","ping_status":"closed","template":"","meta":{"footnotes":""},"class_list":["post-24","page","type-page","status-publish","hentry"],"yoast_head":"<!-- This site is optimized with the Yoast SEO plugin v26.6 - https:\/\/yoast.com\/wordpress\/plugins\/seo\/ -->\n<title>Korzy\u015bci i oszcz\u0119dno\u015bci -<\/title>\n<meta name=\"robots\" content=\"index, follow, max-snippet:-1, max-image-preview:large, max-video-preview:-1\" \/>\n<link rel=\"canonical\" href=\"https:\/\/dynamiczne.eu\/?page_id=24\" \/>\n<meta property=\"og:locale\" content=\"en_US\" \/>\n<meta property=\"og:type\" content=\"article\" \/>\n<meta property=\"og:title\" content=\"Korzy\u015bci i oszcz\u0119dno\u015bci -\" \/>\n<meta property=\"og:description\" content=\"Zyskaj na dynamicznych taryfach Odkryj, jak dynamiczne taryfy energii mog\u0105 przynie\u015b\u0107 Ci oszcz\u0119dno\u015bci. Sprawd\u017a realne ceny i zyskaj dost\u0119p do praktycznych przewodnik\u00f3w, kt\u00f3re pomog\u0105 Ci lepiej zarz\u0105dza\u0107 swoimi wydatkami na energi\u0119. To nie tylko nowoczesne rozwi\u0105zanie, ale i szansa na zmniejszenie rachunk\u00f3w za pr\u0105d. Korzy\u015bci Oszcz\u0119dno\u015bci Zmienno\u015b\u0107 taryf pozwala na dostosowanie koszt\u00f3w energii do potrzeb [&hellip;]\" \/>\n<meta property=\"og:url\" content=\"https:\/\/dynamiczne.eu\/?page_id=24\" \/>\n<meta property=\"article:modified_time\" content=\"2025-11-16T12:24:38+00:00\" \/>\n<meta name=\"twitter:label1\" content=\"Est. reading time\" \/>\n\t<meta name=\"twitter:data1\" content=\"2 minutes\" \/>\n<script type=\"application\/ld+json\" class=\"yoast-schema-graph\">{\"@context\":\"https:\/\/schema.org\",\"@graph\":[{\"@type\":\"WebPage\",\"@id\":\"https:\/\/dynamiczne.eu\/?page_id=24\",\"url\":\"https:\/\/dynamiczne.eu\/?page_id=24\",\"name\":\"Korzy\u015bci i oszcz\u0119dno\u015bci -\",\"isPartOf\":{\"@id\":\"https:\/\/dynamiczne.eu\/#website\"},\"datePublished\":\"2025-11-16T12:24:20+00:00\",\"dateModified\":\"2025-11-16T12:24:38+00:00\",\"breadcrumb\":{\"@id\":\"https:\/\/dynamiczne.eu\/?page_id=24#breadcrumb\"},\"inLanguage\":\"en-US\",\"potentialAction\":[{\"@type\":\"ReadAction\",\"target\":[\"https:\/\/dynamiczne.eu\/?page_id=24\"]}]},{\"@type\":\"BreadcrumbList\",\"@id\":\"https:\/\/dynamiczne.eu\/?page_id=24#breadcrumb\",\"itemListElement\":[{\"@type\":\"ListItem\",\"position\":1,\"name\":\"Home\",\"item\":\"https:\/\/dynamiczne.eu\/\"},{\"@type\":\"ListItem\",\"position\":2,\"name\":\"Korzy\u015bci i oszcz\u0119dno\u015bci\"}]},{\"@type\":\"WebSite\",\"@id\":\"https:\/\/dynamiczne.eu\/#website\",\"url\":\"https:\/\/dynamiczne.eu\/\",\"name\":\"\",\"description\":\"\",\"potentialAction\":[{\"@type\":\"SearchAction\",\"target\":{\"@type\":\"EntryPoint\",\"urlTemplate\":\"https:\/\/dynamiczne.eu\/?s={search_term_string}\"},\"query-input\":{\"@type\":\"PropertyValueSpecification\",\"valueRequired\":true,\"valueName\":\"search_term_string\"}}],\"inLanguage\":\"en-US\"}]}<\/script>\n<!-- \/ Yoast SEO plugin. -->","yoast_head_json":{"title":"Korzy\u015bci i oszcz\u0119dno\u015bci -","robots":{"index":"index","follow":"follow","max-snippet":"max-snippet:-1","max-image-preview":"max-image-preview:large","max-video-preview":"max-video-preview:-1"},"canonical":"https:\/\/dynamiczne.eu\/?page_id=24","og_locale":"en_US","og_type":"article","og_title":"Korzy\u015bci i oszcz\u0119dno\u015bci -","og_description":"Zyskaj na dynamicznych taryfach Odkryj, jak dynamiczne taryfy energii mog\u0105 przynie\u015b\u0107 Ci oszcz\u0119dno\u015bci. Sprawd\u017a realne ceny i zyskaj dost\u0119p do praktycznych przewodnik\u00f3w, kt\u00f3re pomog\u0105 Ci lepiej zarz\u0105dza\u0107 swoimi wydatkami na energi\u0119. To nie tylko nowoczesne rozwi\u0105zanie, ale i szansa na zmniejszenie rachunk\u00f3w za pr\u0105d. Korzy\u015bci Oszcz\u0119dno\u015bci Zmienno\u015b\u0107 taryf pozwala na dostosowanie koszt\u00f3w energii do potrzeb [&hellip;]","og_url":"https:\/\/dynamiczne.eu\/?page_id=24","article_modified_time":"2025-11-16T12:24:38+00:00","twitter_misc":{"Est. reading time":"2 minutes"},"schema":{"@context":"https:\/\/schema.org","@graph":[{"@type":"WebPage","@id":"https:\/\/dynamiczne.eu\/?page_id=24","url":"https:\/\/dynamiczne.eu\/?page_id=24","name":"Korzy\u015bci i oszcz\u0119dno\u015bci -","isPartOf":{"@id":"https:\/\/dynamiczne.eu\/#website"},"datePublished":"2025-11-16T12:24:20+00:00","dateModified":"2025-11-16T12:24:38+00:00","breadcrumb":{"@id":"https:\/\/dynamiczne.eu\/?page_id=24#breadcrumb"},"inLanguage":"en-US","potentialAction":[{"@type":"ReadAction","target":["https:\/\/dynamiczne.eu\/?page_id=24"]}]},{"@type":"BreadcrumbList","@id":"https:\/\/dynamiczne.eu\/?page_id=24#breadcrumb","itemListElement":[{"@type":"ListItem","position":1,"name":"Home","item":"https:\/\/dynamiczne.eu\/"},{"@type":"ListItem","position":2,"name":"Korzy\u015bci i oszcz\u0119dno\u015bci"}]},{"@type":"WebSite","@id":"https:\/\/dynamiczne.eu\/#website","url":"https:\/\/dynamiczne.eu\/","name":"","description":"","potentialAction":[{"@type":"SearchAction","target":{"@type":"EntryPoint","urlTemplate":"https:\/\/dynamiczne.eu\/?s={search_term_string}"},"query-input":{"@type":"PropertyValueSpecification","valueRequired":true,"valueName":"search_term_string"}}],"inLanguage":"en-US"}]}},"_links":{"self":[{"href":"https:\/\/dynamiczne.eu\/index.php?rest_route=\/wp\/v2\/pages\/24","targetHints":{"allow":["GET"]}}],"collection":[{"href":"https:\/\/dynamiczne.eu\/index.php?rest_route=\/wp\/v2\/pages"}],"about":[{"href":"https:\/\/dynamiczne.eu\/index.php?rest_route=\/wp\/v2\/types\/page"}],"author":[{"embeddable":true,"href":"https:\/\/dynamiczne.eu\/index.php?rest_route=\/wp\/v2\/users\/1"}],"replies":[{"embeddable":true,"href":"https:\/\/dynamiczne.eu\/index.php?rest_route=%2Fwp%2Fv2%2Fcomments&post=24"}],"version-history":[{"count":4,"href":"https:\/\/dynamiczne.eu\/index.php?rest_route=\/wp\/v2\/pages\/24\/revisions"}],"predecessor-version":[{"id":81,"href":"https:\/\/dynamiczne.eu\/index.php?rest_route=\/wp\/v2\/pages\/24\/revisions\/81"}],"wp:attachment":[{"href":"https:\/\/dynamiczne.eu\/index.php?rest_route=%2Fwp%2Fv2%2Fmedia&parent=24"}],"curies":[{"name":"wp","href":"https:\/\/api.w.org\/{rel}","templated":true}]}}