{"id":21,"date":"2025-11-16T13:24:20","date_gmt":"2025-11-16T12:24:20","guid":{"rendered":"https:\/\/dynamiczne.eu\/?page_id=21"},"modified":"2025-11-16T13:24:37","modified_gmt":"2025-11-16T12:24:37","slug":"o-taryfach-dynamicznych","status":"publish","type":"page","link":"https:\/\/dynamiczne.eu\/?page_id=21","title":{"rendered":"O taryfach dynamicznych"},"content":{"rendered":"\t\t<div data-elementor-type=\"wp-page\" data-elementor-id=\"21\" class=\"elementor elementor-21\">\n\t\t\t\t<div class=\"elementor-element elementor-element-3fb9d27e e-flex e-con-boxed e-con e-parent\" data-id=\"3fb9d27e\" data-element_type=\"container\" data-e-type=\"container\">\n\t\t\t\t\t<div class=\"e-con-inner\">\n\t\t<div class=\"elementor-element elementor-element-1e595378 e-con-full e-flex e-con e-child\" data-id=\"1e595378\" data-element_type=\"container\" data-e-type=\"container\">\n\t\t\t\t<div class=\"elementor-element elementor-element-156c523e elementor-widget elementor-widget-heading\" data-id=\"156c523e\" data-element_type=\"widget\" data-e-type=\"widget\" data-widget_type=\"heading.default\">\n\t\t\t\t\t<h5 class=\"elementor-heading-title elementor-size-default\">Dynamiczne taryfy energii<\/h5>\t\t\t\t<\/div>\n\t\t\t\t<div class=\"elementor-element elementor-element-5203365a elementor-widget elementor-widget-heading\" data-id=\"5203365a\" data-element_type=\"widget\" data-e-type=\"widget\" data-widget_type=\"heading.default\">\n\t\t\t\t\t<h2 class=\"elementor-heading-title elementor-size-default\">Odkryj elastyczne taryfy dla siebie<\/h2>\t\t\t\t<\/div>\n\t\t\t\t<div class=\"elementor-element elementor-element-6a3b0f29 elementor-widget elementor-widget-text-editor\" data-id=\"6a3b0f29\" data-element_type=\"widget\" data-e-type=\"widget\" data-widget_type=\"text-editor.default\">\n\t\t\t\t\t\t\t\t\t<p>Dynamiczne taryfy pomagaj\u0105 zaoszcz\u0119dzi\u0107 na energii. Zobacz, jak dzi\u0119ki elastycznym rozwi\u0105zaniom mo\u017cesz dostosowa\u0107 swoje wydatki do aktualnych cen. Zrozum zmiany na rynku i podejmuj \u015bwiadome decyzje dotycz\u0105ce energii w swoim domu lub firmie.<\/p>\t\t\t\t\t\t\t\t<\/div>\n\t\t<div class=\"elementor-element elementor-element-45b1da51 e-flex e-con-boxed e-con e-child\" data-id=\"45b1da51\" data-element_type=\"container\" data-e-type=\"container\">\n\t\t\t\t\t<div class=\"e-con-inner\">\n\t\t\t\t<div class=\"elementor-element elementor-element-14aa9a9f elementor-widget__width-auto elementor-align-right elementor-widget elementor-widget-button\" data-id=\"14aa9a9f\" data-element_type=\"widget\" data-e-type=\"widget\" data-widget_type=\"button.default\">\n\t\t\t\t\t\t\t\t\t\t<a class=\"elementor-button elementor-button-link elementor-size-sm\" href=\"#\">\n\t\t\t\t\t\t<span class=\"elementor-button-content-wrapper\">\n\t\t\t\t\t\t\t\t\t<span class=\"elementor-button-text\">Poznaj wi\u0119cej<\/span>\n\t\t\t\t\t<\/span>\n\t\t\t\t\t<\/a>\n\t\t\t\t\t\t\t\t<\/div>\n\t\t\t\t<div class=\"elementor-element elementor-element-31940de4 elementor-widget__width-auto elementor-align-right elementor-widget elementor-widget-button\" data-id=\"31940de4\" data-element_type=\"widget\" data-e-type=\"widget\" data-widget_type=\"button.default\">\n\t\t\t\t\t\t\t\t\t\t<a class=\"elementor-button elementor-button-link elementor-size-sm\" href=\"#\">\n\t\t\t\t\t\t<span class=\"elementor-button-content-wrapper\">\n\t\t\t\t\t\t\t\t\t<span class=\"elementor-button-text\">Zacznij oszcz\u0119dza\u0107<\/span>\n\t\t\t\t\t<\/span>\n\t\t\t\t\t<\/a>\n\t\t\t\t\t\t\t\t<\/div>\n\t\t\t\t\t<\/div>\n\t\t\t\t<\/div>\n\t\t\t\t<\/div>\n\t\t\t\t\t<\/div>\n\t\t\t\t<\/div>\n\t\t<div class=\"elementor-element elementor-element-e23b29a e-flex e-con-boxed e-con e-parent\" data-id=\"e23b29a\" data-element_type=\"container\" data-e-type=\"container\" data-settings=\"{&quot;background_background&quot;:&quot;classic&quot;}\">\n\t\t\t\t\t<div class=\"e-con-inner\">\n\t\t<div class=\"elementor-element elementor-element-b73d63a e-con-full e-flex e-con e-child\" data-id=\"b73d63a\" data-element_type=\"container\" data-e-type=\"container\">\n\t\t\t\t<div class=\"elementor-element elementor-element-72b8b91 elementor-widget elementor-widget-heading\" data-id=\"72b8b91\" data-element_type=\"widget\" data-e-type=\"widget\" data-widget_type=\"heading.default\">\n\t\t\t\t\t<h2 class=\"elementor-heading-title elementor-size-default\">Poznaj taryfy dynamiczne<\/h2>\t\t\t\t<\/div>\n\t\t\t\t<div class=\"elementor-element elementor-element-96cd12d elementor-widget elementor-widget-text-editor\" data-id=\"96cd12d\" data-element_type=\"widget\" data-e-type=\"widget\" data-widget_type=\"text-editor.default\">\n\t\t\t\t\t\t\t\t\t<p>Taryfy dynamiczne energii elektrycznej oferuj\u0105 elastyczno\u015b\u0107 i mo\u017cliwo\u015b\u0107 oszcz\u0119dzania. To innowacyjne rozwi\u0105zanie pozwala na dostosowanie zu\u017cycia energii do aktualnych cen, co przynosi realne korzy\u015bci dla Twojego portfela. Przez wykorzystanie technologii, jak smart home czy aplikacje mobilne, mo\u017cesz zyska\u0107 pe\u0142en wgl\u0105d w ceny i optymalizowa\u0107 koszty swojej energii.<\/p>\t\t\t\t\t\t\t\t<\/div>\n\t\t<div class=\"elementor-element elementor-element-ad362fb e-flex e-con-boxed e-con e-child\" data-id=\"ad362fb\" data-element_type=\"container\" data-e-type=\"container\">\n\t\t\t\t\t<div class=\"e-con-inner\">\n\t\t\t\t<div class=\"elementor-element elementor-element-2ebaa8a3 elementor-widget__width-auto elementor-widget elementor-widget-button\" data-id=\"2ebaa8a3\" data-element_type=\"widget\" data-e-type=\"widget\" data-widget_type=\"button.default\">\n\t\t\t\t\t\t\t\t\t\t<a class=\"elementor-button elementor-button-link elementor-size-sm\" href=\"#\">\n\t\t\t\t\t\t<span class=\"elementor-button-content-wrapper\">\n\t\t\t\t\t\t\t\t\t<span class=\"elementor-button-text\">Dowiedz si\u0119 wi\u0119cej<\/span>\n\t\t\t\t\t<\/span>\n\t\t\t\t\t<\/a>\n\t\t\t\t\t\t\t\t<\/div>\n\t\t\t\t\t<\/div>\n\t\t\t\t<\/div>\n\t\t\t\t<\/div>\n\t\t<div class=\"elementor-element elementor-element-811af72 e-con-full e-flex e-con e-child\" data-id=\"811af72\" data-element_type=\"container\" data-e-type=\"container\">\n\t\t\t\t<\/div>\n\t\t\t\t\t<\/div>\n\t\t\t\t<\/div>\n\t\t<div class=\"elementor-element elementor-element-7117f164 e-flex e-con-boxed e-con e-parent\" data-id=\"7117f164\" data-element_type=\"container\" data-e-type=\"container\" data-settings=\"{&quot;background_background&quot;:&quot;classic&quot;}\">\n\t\t\t\t\t<div class=\"e-con-inner\">\n\t\t<div class=\"elementor-element elementor-element-598da9f1 e-con-full e-flex e-con e-child\" data-id=\"598da9f1\" data-element_type=\"container\" data-e-type=\"container\">\n\t\t<div class=\"elementor-element elementor-element-6765c114 e-con-full e-flex e-con e-child\" data-id=\"6765c114\" data-element_type=\"container\" data-e-type=\"container\">\n\t\t\t\t<div class=\"elementor-element elementor-element-298fc5c8 elementor-widget elementor-widget-heading\" data-id=\"298fc5c8\" data-element_type=\"widget\" data-e-type=\"widget\" data-widget_type=\"heading.default\">\n\t\t\t\t\t<h2 class=\"elementor-heading-title elementor-size-default\">Zmieniaj na lepsze!<\/h2>\t\t\t\t<\/div>\n\t\t\t\t<div class=\"elementor-element elementor-element-3cf33dfe elementor-widget elementor-widget-heading\" data-id=\"3cf33dfe\" data-element_type=\"widget\" data-e-type=\"widget\" data-widget_type=\"heading.default\">\n\t\t\t\t\t<h2 class=\"elementor-heading-title elementor-size-default\">Dlaczego warto wybra\u0107 taryfy dynamiczne?<\/h2>\t\t\t\t<\/div>\n\t\t\t\t<\/div>\n\t\t<div class=\"elementor-element elementor-element-77884ed4 e-flex e-con-boxed e-con e-child\" data-id=\"77884ed4\" data-element_type=\"container\" data-e-type=\"container\">\n\t\t\t\t\t<div class=\"e-con-inner\">\n\t\t\t\t<div class=\"elementor-element elementor-element-307fbf92 elementor-tablet-position-block-start elementor-widget__width-initial elementor-widget-tablet__width-inherit elementor-view-default elementor-position-block-start elementor-mobile-position-block-start elementor-widget elementor-widget-icon-box\" data-id=\"307fbf92\" data-element_type=\"widget\" data-e-type=\"widget\" data-widget_type=\"icon-box.default\">\n\t\t\t\t\t\t\t<div class=\"elementor-icon-box-wrapper\">\n\n\t\t\t\t\t\t<div class=\"elementor-icon-box-icon\">\n\t\t\t\t<span  class=\"elementor-icon\">\n\t\t\t\t<svg aria-hidden=\"true\" class=\"e-font-icon-svg e-fas-star\" viewBox=\"0 0 576 512\" xmlns=\"http:\/\/www.w3.org\/2000\/svg\"><path d=\"M259.3 17.8L194 150.2 47.9 171.5c-26.2 3.8-36.7 36.1-17.7 54.6l105.7 103-25 145.5c-4.5 26.3 23.2 46 46.4 33.7L288 439.6l130.7 68.7c23.2 12.2 50.9-7.4 46.4-33.7l-25-145.5 105.7-103c19-18.5 8.5-50.8-17.7-54.6L382 150.2 316.7 17.8c-11.7-23.6-45.6-23.9-57.4 0z\"><\/path><\/svg>\t\t\t\t<\/span>\n\t\t\t<\/div>\n\t\t\t\n\t\t\t\t\t\t<div class=\"elementor-icon-box-content\">\n\n\t\t\t\t\t\t\t\t\t<h3 class=\"elementor-icon-box-title\">\n\t\t\t\t\t\t<span  >\n\t\t\t\t\t\t\tOszcz\u0119dzaj!\t\t\t\t\t\t<\/span>\n\t\t\t\t\t<\/h3>\n\t\t\t\t\n\t\t\t\t\t\t\t\t\t<p class=\"elementor-icon-box-description\">\n\t\t\t\t\t\tKorzystaj\u0105c z taryf dynamicznych, mo\u017cesz znacznie obni\u017cy\u0107 rachunki za energi\u0119. Sprawdzaj ceny na bie\u017c\u0105co i wybieraj najta\u0144sze godziny do zu\u017cycia energii.\t\t\t\t\t<\/p>\n\t\t\t\t\n\t\t\t<\/div>\n\t\t\t\n\t\t<\/div>\n\t\t\t\t\t\t<\/div>\n\t\t\t\t<div class=\"elementor-element elementor-element-34cdb6cd elementor-tablet-position-block-start elementor-widget__width-initial elementor-widget-tablet__width-inherit elementor-view-default elementor-position-block-start elementor-mobile-position-block-start elementor-widget elementor-widget-icon-box\" data-id=\"34cdb6cd\" data-element_type=\"widget\" data-e-type=\"widget\" data-widget_type=\"icon-box.default\">\n\t\t\t\t\t\t\t<div class=\"elementor-icon-box-wrapper\">\n\n\t\t\t\t\t\t<div class=\"elementor-icon-box-icon\">\n\t\t\t\t<span  class=\"elementor-icon\">\n\t\t\t\t<svg aria-hidden=\"true\" class=\"e-font-icon-svg e-fas-star\" viewBox=\"0 0 576 512\" xmlns=\"http:\/\/www.w3.org\/2000\/svg\"><path d=\"M259.3 17.8L194 150.2 47.9 171.5c-26.2 3.8-36.7 36.1-17.7 54.6l105.7 103-25 145.5c-4.5 26.3 23.2 46 46.4 33.7L288 439.6l130.7 68.7c23.2 12.2 50.9-7.4 46.4-33.7l-25-145.5 105.7-103c19-18.5 8.5-50.8-17.7-54.6L382 150.2 316.7 17.8c-11.7-23.6-45.6-23.9-57.4 0z\"><\/path><\/svg>\t\t\t\t<\/span>\n\t\t\t<\/div>\n\t\t\t\n\t\t\t\t\t\t<div class=\"elementor-icon-box-content\">\n\n\t\t\t\t\t\t\t\t\t<h3 class=\"elementor-icon-box-title\">\n\t\t\t\t\t\t<span  >\n\t\t\t\t\t\t\tElastyczno\u015b\u0107!\t\t\t\t\t\t<\/span>\n\t\t\t\t\t<\/h3>\n\t\t\t\t\n\t\t\t\t\t\t\t\t\t<p class=\"elementor-icon-box-description\">\n\t\t\t\t\t\tDzi\u0119ki taryfom dynamicznym, dostosowujesz zu\u017cycie energii do aktualnych cen. Zyskaj kontrol\u0119 nad wydatkami i zmniejszaj koszty w szczytowych godzinach.\t\t\t\t\t<\/p>\n\t\t\t\t\n\t\t\t<\/div>\n\t\t\t\n\t\t<\/div>\n\t\t\t\t\t\t<\/div>\n\t\t\t\t\t<\/div>\n\t\t\t\t<\/div>\n\t\t\t\t<\/div>\n\t\t\t\t\t<\/div>\n\t\t\t\t<\/div>\n\t\t<div class=\"elementor-element elementor-element-38efc25 e-flex e-con-boxed e-con e-parent\" data-id=\"38efc25\" data-element_type=\"container\" data-e-type=\"container\" data-settings=\"{&quot;background_background&quot;:&quot;classic&quot;}\">\n\t\t\t\t\t<div class=\"e-con-inner\">\n\t\t\t\t<div class=\"elementor-element elementor-element-41b5f86 elementor-widget elementor-widget-heading\" data-id=\"41b5f86\" data-element_type=\"widget\" data-e-type=\"widget\" data-widget_type=\"heading.default\">\n\t\t\t\t\t<h2 class=\"elementor-heading-title elementor-size-default\">FAQ<\/h2>\t\t\t\t<\/div>\n\t\t<div class=\"elementor-element elementor-element-70b1feff e-con-full e-flex e-con e-child\" data-id=\"70b1feff\" data-element_type=\"container\" data-e-type=\"container\">\n\t\t\t\t<div class=\"elementor-element elementor-element-3eb5abf6 elementor-widget__width-initial elementor-widget-tablet__width-inherit elementor-widget elementor-widget-toggle\" data-id=\"3eb5abf6\" data-element_type=\"widget\" data-e-type=\"widget\" data-widget_type=\"toggle.default\">\n\t\t\t\t\t\t\t<div class=\"elementor-toggle\">\n\t\t\t\t\t\t\t<div class=\"elementor-toggle-item\">\n\t\t\t\t\t<h4 id=\"elementor-tab-title-1051\" class=\"elementor-tab-title\" data-tab=\"1\" role=\"button\" aria-controls=\"elementor-tab-content-1051\" aria-expanded=\"false\">\n\t\t\t\t\t\t\t\t\t\t\t\t<a class=\"elementor-toggle-title\" tabindex=\"0\">Jakie s\u0105 korzy\u015bci z taryf dynamicznych?<\/a>\n\t\t\t\t\t<\/h4>\n\n\t\t\t\t\t<div id=\"elementor-tab-content-1051\" class=\"elementor-tab-content elementor-clearfix\" data-tab=\"1\" role=\"region\" aria-labelledby=\"elementor-tab-title-1051\">Taryfy dynamiczne pozwalaj\u0105 na oszcz\u0119dno\u015bci, dostosowuj\u0105c ceny energii do aktualnych stawek rynkowych. Oferujemy przejrzyste porady, jak wykorzysta\u0107 te zmiany na swoj\u0105 korzy\u015b\u0107 oraz narz\u0119dzia do symulacji potencjalnych oszcz\u0119dno\u015bci. Dowiedz si\u0119, jakie zmiany mo\u017cesz wprowadzi\u0107, aby maksymalnie wykorzysta\u0107 swoj\u0105 energi\u0119.<\/div>\n\t\t\t\t<\/div>\n\t\t\t\t\t\t\t<div class=\"elementor-toggle-item\">\n\t\t\t\t\t<h4 id=\"elementor-tab-title-1052\" class=\"elementor-tab-title\" data-tab=\"2\" role=\"button\" aria-controls=\"elementor-tab-content-1052\" aria-expanded=\"false\">\n\t\t\t\t\t\t\t\t\t\t\t\t<a class=\"elementor-toggle-title\" tabindex=\"0\">Jak zmieniaj\u0105 si\u0119 ceny energii?<\/a>\n\t\t\t\t\t<\/h4>\n\n\t\t\t\t\t<div id=\"elementor-tab-content-1052\" class=\"elementor-tab-content elementor-clearfix\" data-tab=\"2\" role=\"region\" aria-labelledby=\"elementor-tab-title-1052\">Ceny energii zmieniaj\u0105 si\u0119 w zale\u017cno\u015bci od popytu i poda\u017cy. Dzi\u0119ki naszym narz\u0119dziom monitoruj\u0105cym ceny w czasie rzeczywistym, b\u0119dziesz na bie\u017c\u0105co z trendami i b\u0119dziesz w stanie planowa\u0107 zu\u017cycie energii w najkorzystniejszych momentach.<\/div>\n\t\t\t\t<\/div>\n\t\t\t\t\t\t\t<div class=\"elementor-toggle-item\">\n\t\t\t\t\t<h4 id=\"elementor-tab-title-1053\" class=\"elementor-tab-title\" data-tab=\"3\" role=\"button\" aria-controls=\"elementor-tab-content-1053\" aria-expanded=\"false\">\n\t\t\t\t\t\t\t\t\t\t\t\t<a class=\"elementor-toggle-title\" tabindex=\"0\">Czy to si\u0119 op\u0142aca?<\/a>\n\t\t\t\t\t<\/h4>\n\n\t\t\t\t\t<div id=\"elementor-tab-content-1053\" class=\"elementor-tab-content elementor-clearfix\" data-tab=\"3\" role=\"region\" aria-labelledby=\"elementor-tab-title-1053\">Tak, taryfy dynamiczne mog\u0105 przynie\u015b\u0107 realne oszcz\u0119dno\u015bci, zw\u0142aszcza je\u015bli masz mo\u017cliwo\u015b\u0107 dostosowania swojego zu\u017cycia energii do zmian cen. Oferujemy praktyczne przewodniki, kt\u00f3re pomog\u0105 Ci zrozumie\u0107, jak wprowadza\u0107 zmiany w codziennych nawykach, by maksymalnie wykorzysta\u0107 taryfy dynamiczne.<\/div>\n\t\t\t\t<\/div>\n\t\t\t\t\t\t\t<div class=\"elementor-toggle-item\">\n\t\t\t\t\t<h4 id=\"elementor-tab-title-1054\" class=\"elementor-tab-title\" data-tab=\"4\" role=\"button\" aria-controls=\"elementor-tab-content-1054\" aria-expanded=\"false\">\n\t\t\t\t\t\t\t\t\t\t\t\t<a class=\"elementor-toggle-title\" tabindex=\"0\">Jakie s\u0105 wymagania?<\/a>\n\t\t\t\t\t<\/h4>\n\n\t\t\t\t\t<div id=\"elementor-tab-content-1054\" class=\"elementor-tab-content elementor-clearfix\" data-tab=\"4\" role=\"region\" aria-labelledby=\"elementor-tab-title-1054\">Aby korzysta\u0107 z taryf dynamicznych, potrzebujesz licznika energii, kt\u00f3ry mierzy zu\u017cycie w czasie rzeczywistym. Pomagamy w procesie przystosowania oraz oferujemy wsparcie techniczne, aby maksymalnie upro\u015bci\u0107 wdro\u017cenie.<\/div>\n\t\t\t\t<\/div>\n\t\t\t\t\t\t\t\t<\/div>\n\t\t\t\t\t\t<\/div>\n\t\t\t\t<\/div>\n\t\t\t\t\t<\/div>\n\t\t\t\t<\/div>\n\t\t<div class=\"elementor-element elementor-element-60220ab9 e-flex e-con-boxed e-con e-parent\" data-id=\"60220ab9\" data-element_type=\"container\" data-e-type=\"container\" data-settings=\"{&quot;background_background&quot;:&quot;classic&quot;}\">\n\t\t\t\t\t<div class=\"e-con-inner\">\n\t\t<div class=\"elementor-element elementor-element-5412fa78 e-flex e-con-boxed e-con e-child\" data-id=\"5412fa78\" data-element_type=\"container\" data-e-type=\"container\" data-settings=\"{&quot;background_background&quot;:&quot;classic&quot;}\">\n\t\t\t\t\t<div class=\"e-con-inner\">\n\t\t\t\t<div class=\"elementor-element elementor-element-17221ace elementor-widget elementor-widget-heading\" data-id=\"17221ace\" data-element_type=\"widget\" data-e-type=\"widget\" data-widget_type=\"heading.default\">\n\t\t\t\t\t<h2 class=\"elementor-heading-title elementor-size-default\">Skorzystaj z dynamicznych taryf energii!<\/h2>\t\t\t\t<\/div>\n\t\t\t\t<div class=\"elementor-element elementor-element-45be786f elementor-widget elementor-widget-text-editor\" data-id=\"45be786f\" data-element_type=\"widget\" data-e-type=\"widget\" data-widget_type=\"text-editor.default\">\n\t\t\t\t\t\t\t\t\t<p>Znajd\u017a oszcz\u0119dno\u015bci dzi\u0119ki dynamicznym taryfom energii! Poznaj realne stawki i osi\u0105gnij lepsze wyniki z energi\u0105 z odnawialnych \u017ar\u00f3de\u0142. Przekonaj si\u0119, jak mo\u017cesz poprawi\u0107 sw\u00f3j komfort \u017cycia i obni\u017cy\u0107 rachunki, inwestuj\u0105c w nowoczesne rozwi\u0105zania.<\/p>\t\t\t\t\t\t\t\t<\/div>\n\t\t\t\t<div class=\"elementor-element elementor-element-19316b08 elementor-widget__width-auto elementor-align-right elementor-widget elementor-widget-button\" data-id=\"19316b08\" data-element_type=\"widget\" data-e-type=\"widget\" data-widget_type=\"button.default\">\n\t\t\t\t\t\t\t\t\t\t<a class=\"elementor-button elementor-button-link elementor-size-sm\" href=\"#\">\n\t\t\t\t\t\t<span class=\"elementor-button-content-wrapper\">\n\t\t\t\t\t\t\t\t\t<span class=\"elementor-button-text\">Dowiedz si\u0119 wi\u0119cej<\/span>\n\t\t\t\t\t<\/span>\n\t\t\t\t\t<\/a>\n\t\t\t\t\t\t\t\t<\/div>\n\t\t\t\t\t<\/div>\n\t\t\t\t<\/div>\n\t\t\t\t\t<\/div>\n\t\t\t\t<\/div>\n\t\t\t\t<\/div>\n\t\t","protected":false},"excerpt":{"rendered":"<p>Dynamiczne taryfy energii Odkryj elastyczne taryfy dla siebie Dynamiczne taryfy pomagaj\u0105 zaoszcz\u0119dzi\u0107 na energii. Zobacz, jak dzi\u0119ki elastycznym rozwi\u0105zaniom mo\u017cesz dostosowa\u0107 swoje wydatki do aktualnych cen. Zrozum zmiany na rynku i podejmuj \u015bwiadome decyzje dotycz\u0105ce energii w swoim domu lub firmie. Poznaj wi\u0119cej Zacznij oszcz\u0119dza\u0107 Poznaj taryfy dynamiczne Taryfy dynamiczne energii elektrycznej oferuj\u0105 elastyczno\u015b\u0107 i [&hellip;]<\/p>\n","protected":false},"author":1,"featured_media":0,"parent":0,"menu_order":0,"comment_status":"closed","ping_status":"closed","template":"","meta":{"footnotes":""},"class_list":["post-21","page","type-page","status-publish","hentry"],"yoast_head":"<!-- This site is optimized with the Yoast SEO plugin v26.6 - https:\/\/yoast.com\/wordpress\/plugins\/seo\/ -->\n<title>O taryfach dynamicznych -<\/title>\n<meta name=\"robots\" content=\"index, follow, max-snippet:-1, max-image-preview:large, max-video-preview:-1\" \/>\n<link rel=\"canonical\" href=\"https:\/\/dynamiczne.eu\/?page_id=21\" \/>\n<meta property=\"og:locale\" content=\"en_US\" \/>\n<meta property=\"og:type\" content=\"article\" \/>\n<meta property=\"og:title\" content=\"O taryfach dynamicznych -\" \/>\n<meta property=\"og:description\" content=\"Dynamiczne taryfy energii Odkryj elastyczne taryfy dla siebie Dynamiczne taryfy pomagaj\u0105 zaoszcz\u0119dzi\u0107 na energii. Zobacz, jak dzi\u0119ki elastycznym rozwi\u0105zaniom mo\u017cesz dostosowa\u0107 swoje wydatki do aktualnych cen. Zrozum zmiany na rynku i podejmuj \u015bwiadome decyzje dotycz\u0105ce energii w swoim domu lub firmie. Poznaj wi\u0119cej Zacznij oszcz\u0119dza\u0107 Poznaj taryfy dynamiczne Taryfy dynamiczne energii elektrycznej oferuj\u0105 elastyczno\u015b\u0107 i [&hellip;]\" \/>\n<meta property=\"og:url\" content=\"https:\/\/dynamiczne.eu\/?page_id=21\" \/>\n<meta property=\"article:modified_time\" content=\"2025-11-16T12:24:37+00:00\" \/>\n<meta name=\"twitter:label1\" content=\"Est. reading time\" \/>\n\t<meta name=\"twitter:data1\" content=\"2 minutes\" \/>\n<script type=\"application\/ld+json\" class=\"yoast-schema-graph\">{\"@context\":\"https:\/\/schema.org\",\"@graph\":[{\"@type\":\"WebPage\",\"@id\":\"https:\/\/dynamiczne.eu\/?page_id=21\",\"url\":\"https:\/\/dynamiczne.eu\/?page_id=21\",\"name\":\"O taryfach dynamicznych -\",\"isPartOf\":{\"@id\":\"https:\/\/dynamiczne.eu\/#website\"},\"datePublished\":\"2025-11-16T12:24:20+00:00\",\"dateModified\":\"2025-11-16T12:24:37+00:00\",\"breadcrumb\":{\"@id\":\"https:\/\/dynamiczne.eu\/?page_id=21#breadcrumb\"},\"inLanguage\":\"en-US\",\"potentialAction\":[{\"@type\":\"ReadAction\",\"target\":[\"https:\/\/dynamiczne.eu\/?page_id=21\"]}]},{\"@type\":\"BreadcrumbList\",\"@id\":\"https:\/\/dynamiczne.eu\/?page_id=21#breadcrumb\",\"itemListElement\":[{\"@type\":\"ListItem\",\"position\":1,\"name\":\"Home\",\"item\":\"https:\/\/dynamiczne.eu\/\"},{\"@type\":\"ListItem\",\"position\":2,\"name\":\"O taryfach dynamicznych\"}]},{\"@type\":\"WebSite\",\"@id\":\"https:\/\/dynamiczne.eu\/#website\",\"url\":\"https:\/\/dynamiczne.eu\/\",\"name\":\"\",\"description\":\"\",\"potentialAction\":[{\"@type\":\"SearchAction\",\"target\":{\"@type\":\"EntryPoint\",\"urlTemplate\":\"https:\/\/dynamiczne.eu\/?s={search_term_string}\"},\"query-input\":{\"@type\":\"PropertyValueSpecification\",\"valueRequired\":true,\"valueName\":\"search_term_string\"}}],\"inLanguage\":\"en-US\"}]}<\/script>\n<!-- \/ Yoast SEO plugin. -->","yoast_head_json":{"title":"O taryfach dynamicznych -","robots":{"index":"index","follow":"follow","max-snippet":"max-snippet:-1","max-image-preview":"max-image-preview:large","max-video-preview":"max-video-preview:-1"},"canonical":"https:\/\/dynamiczne.eu\/?page_id=21","og_locale":"en_US","og_type":"article","og_title":"O taryfach dynamicznych -","og_description":"Dynamiczne taryfy energii Odkryj elastyczne taryfy dla siebie Dynamiczne taryfy pomagaj\u0105 zaoszcz\u0119dzi\u0107 na energii. Zobacz, jak dzi\u0119ki elastycznym rozwi\u0105zaniom mo\u017cesz dostosowa\u0107 swoje wydatki do aktualnych cen. Zrozum zmiany na rynku i podejmuj \u015bwiadome decyzje dotycz\u0105ce energii w swoim domu lub firmie. Poznaj wi\u0119cej Zacznij oszcz\u0119dza\u0107 Poznaj taryfy dynamiczne Taryfy dynamiczne energii elektrycznej oferuj\u0105 elastyczno\u015b\u0107 i [&hellip;]","og_url":"https:\/\/dynamiczne.eu\/?page_id=21","article_modified_time":"2025-11-16T12:24:37+00:00","twitter_misc":{"Est. reading time":"2 minutes"},"schema":{"@context":"https:\/\/schema.org","@graph":[{"@type":"WebPage","@id":"https:\/\/dynamiczne.eu\/?page_id=21","url":"https:\/\/dynamiczne.eu\/?page_id=21","name":"O taryfach dynamicznych -","isPartOf":{"@id":"https:\/\/dynamiczne.eu\/#website"},"datePublished":"2025-11-16T12:24:20+00:00","dateModified":"2025-11-16T12:24:37+00:00","breadcrumb":{"@id":"https:\/\/dynamiczne.eu\/?page_id=21#breadcrumb"},"inLanguage":"en-US","potentialAction":[{"@type":"ReadAction","target":["https:\/\/dynamiczne.eu\/?page_id=21"]}]},{"@type":"BreadcrumbList","@id":"https:\/\/dynamiczne.eu\/?page_id=21#breadcrumb","itemListElement":[{"@type":"ListItem","position":1,"name":"Home","item":"https:\/\/dynamiczne.eu\/"},{"@type":"ListItem","position":2,"name":"O taryfach dynamicznych"}]},{"@type":"WebSite","@id":"https:\/\/dynamiczne.eu\/#website","url":"https:\/\/dynamiczne.eu\/","name":"","description":"","potentialAction":[{"@type":"SearchAction","target":{"@type":"EntryPoint","urlTemplate":"https:\/\/dynamiczne.eu\/?s={search_term_string}"},"query-input":{"@type":"PropertyValueSpecification","valueRequired":true,"valueName":"search_term_string"}}],"inLanguage":"en-US"}]}},"_links":{"self":[{"href":"https:\/\/dynamiczne.eu\/index.php?rest_route=\/wp\/v2\/pages\/21","targetHints":{"allow":["GET"]}}],"collection":[{"href":"https:\/\/dynamiczne.eu\/index.php?rest_route=\/wp\/v2\/pages"}],"about":[{"href":"https:\/\/dynamiczne.eu\/index.php?rest_route=\/wp\/v2\/types\/page"}],"author":[{"embeddable":true,"href":"https:\/\/dynamiczne.eu\/index.php?rest_route=\/wp\/v2\/users\/1"}],"replies":[{"embeddable":true,"href":"https:\/\/dynamiczne.eu\/index.php?rest_route=%2Fwp%2Fv2%2Fcomments&post=21"}],"version-history":[{"count":4,"href":"https:\/\/dynamiczne.eu\/index.php?rest_route=\/wp\/v2\/pages\/21\/revisions"}],"predecessor-version":[{"id":79,"href":"https:\/\/dynamiczne.eu\/index.php?rest_route=\/wp\/v2\/pages\/21\/revisions\/79"}],"wp:attachment":[{"href":"https:\/\/dynamiczne.eu\/index.php?rest_route=%2Fwp%2Fv2%2Fmedia&parent=21"}],"curies":[{"name":"wp","href":"https:\/\/api.w.org\/{rel}","templated":true}]}}